{"id":3905,"date":"2025-11-17T13:11:26","date_gmt":"2025-11-17T12:11:26","guid":{"rendered":"https:\/\/autoescuelasigloxxirivas.es\/?page_id=3905"},"modified":"2025-11-17T13:15:35","modified_gmt":"2025-11-17T12:15:35","slug":"borrador-automatico","status":"publish","type":"page","link":"https:\/\/autoescuelasigloxxirivas.es\/en\/borrador-automatico\/","title":{"rendered":"Nuestros cursos"},"content":{"rendered":"<p><\/p>\n\n\n<p style=\"text-align: center;\">NUESTROS CURSOS<\/p>\n<p style=\"text-align: center;\">\u00bfQu\u00e9 ofrecemos?<\/p>\n<p style=\"text-align: center;\">Nosotros somos la autoescuela y te ense\u00f1amos pero s\u00f3lo t\u00fa sabes lo que quieres estudiar realmente.&nbsp;<\/p>\n<p style=\"text-align: center;\">Estos son nuestros cursos:<\/p>\n<p><span style=\"\"><img loading=\"lazy\" decoding=\"async\" alt=\"\" data-id=\"3909\" width=\"296\" data-init-width=\"1536\" height=\"197\" data-init-height=\"1024\" title=\"611B89B0-7F9C-4509-AB65-7BB363B5A9A8\" src=\"https:\/\/autoescuelasigloxxirivas.es\/wp-content\/uploads\/2025\/11\/611B89B0-7F9C-4509-AB65-7BB363B5A9A8.png\" data-width=\"296\" data-height=\"197\" style=\"aspect-ratio: auto 1536 \/ 1024;\" mt-d=\"0\" center-v-d=\"false\"><span style=\"\"><\/span><\/span><\/p>\n<h3 style=\"\">Carnet tipo B<\/h3>\n<p style=\"\">Este es tu curso si lo que quieres es conducir un coche de toda la vida manual. Nosotros nos ocupamos de la teor\u00eda y la pr\u00e1ctica y tu de aprendes. \u00a1A por ello!<\/p>\n<p><span style=\"\"><img loading=\"lazy\" decoding=\"async\" alt=\"\" data-id=\"3910\" width=\"296\" data-init-width=\"1536\" height=\"197\" data-init-height=\"1024\" title=\"E16E8CC9-0CD8-49CF-8D81-0E473A19BD46\" src=\"https:\/\/autoescuelasigloxxirivas.es\/wp-content\/uploads\/2025\/11\/E16E8CC9-0CD8-49CF-8D81-0E473A19BD46.jpeg\" data-width=\"296\" data-height=\"197\" style=\"aspect-ratio: auto 1536 \/ 1024;\" mt-d=\"0\" center-v-d=\"false\"><span style=\"\"><\/span><\/span><\/p>\n<h3 style=\"\">Curso intensivo<\/h3>\n<p style=\"\">Este es tu curso si quieres sacarte el carnet lo m\u00e1s r\u00e1pido posible. En un fin de semana te ense\u00f1amos toda la te\u00f3rica y te apuntas al examen m\u00e1s pr\u00f3ximo. Sin rodeos, no pierdas el tiempo. Atento a nuestros pr\u00f3ximos cursos.<\/p>\n<p><span style=\"\"><img loading=\"lazy\" decoding=\"async\" alt=\"\" data-id=\"3911\" width=\"296\" data-init-width=\"1536\" height=\"197\" data-init-height=\"1024\" title=\"2217166B-66EE-40F5-ADC0-9F13C65D059F\" src=\"https:\/\/autoescuelasigloxxirivas.es\/wp-content\/uploads\/2025\/11\/2217166B-66EE-40F5-ADC0-9F13C65D059F.png\" data-width=\"296\" data-height=\"197\" style=\"aspect-ratio: auto 1536 \/ 1024;\" mt-d=\"0\" center-v-d=\"false\"><span style=\"\"><\/span><\/span><\/p>\n<p style=\"\">Curso en ingl\u00e9s<\/p>\n<p style=\"\">\u00bfNecesitas sacarte el carnet de conducir en ingl\u00e9s? Tenemos un profe muy paciente y majo que te ense\u00f1ar\u00e1 absolutamente todo \u00a1hasta con su propio material! No le dejes mas vueltas, esta es tu oportunidad.&nbsp;<\/p>\n<p><span style=\"\"><img loading=\"lazy\" decoding=\"async\" alt=\"\" data-id=\"3912\" width=\"296\" data-init-width=\"1536\" height=\"197\" data-init-height=\"1024\" title=\"B80B913D-CD30-4BCC-8445-E2BB1A7E7264\" src=\"https:\/\/autoescuelasigloxxirivas.es\/wp-content\/uploads\/2025\/11\/B80B913D-CD30-4BCC-8445-E2BB1A7E7264.png\" data-width=\"296\" data-height=\"197\" style=\"aspect-ratio: auto 1536 \/ 1024;\" mt-d=\"0\" center-v-d=\"false\"><span style=\"\"><\/span><\/span><\/p>\n<h3 style=\"\">Coche autom\u00e1tico<\/h3>\n<p style=\"\">Si no te complicas y sabes que solo vas a conducir coches autom\u00e1ticos: este es tu curso. Tenemos nuestro propio coche autom\u00e1tico y estaremos encantados de ense\u00f1arte todo lo que necesitas para emprender tu camino portal carretera.&nbsp;<\/p>\n<p><span style=\"\"><img loading=\"lazy\" decoding=\"async\" alt=\"\" data-id=\"3913\" width=\"296\" data-init-width=\"1536\" height=\"197\" data-init-height=\"1024\" title=\"41767EBC-FEF0-4BD4-9009-EBB5A0DE256F\" src=\"https:\/\/autoescuelasigloxxirivas.es\/wp-content\/uploads\/2025\/11\/41767EBC-FEF0-4BD4-9009-EBB5A0DE256F.png\" data-width=\"296\" data-height=\"197\" style=\"aspect-ratio: auto 1536 \/ 1024;\" mt-d=\"0\" center-v-d=\"false\"><span style=\"\"><\/span><\/span><\/p>\n<p style=\"\">Carnet de moto<\/p>\n<p style=\"\">Este curso es para aquellos que no le temen a la carretera. Cont\u00e1ctanos y te informamos de c\u00f3mo lo podemos hacer. Te daremos los mejores consejos y te acompa\u00f1amos en tu nueva aventura.&nbsp;<\/p>\n<p><span style=\"\"><img loading=\"lazy\" decoding=\"async\" alt=\"\" data-id=\"3914\" width=\"296\" data-init-width=\"1536\" height=\"197\" data-init-height=\"1024\" title=\"D6AE79EA-5BF4-4A8B-8D28-66504A0A4DF2\" src=\"https:\/\/autoescuelasigloxxirivas.es\/wp-content\/uploads\/2025\/11\/D6AE79EA-5BF4-4A8B-8D28-66504A0A4DF2.png\" data-width=\"296\" data-height=\"197\" style=\"aspect-ratio: auto 1536 \/ 1024;\" mt-d=\"0\" center-v-d=\"false\"><span style=\"\"><\/span><\/span><\/p>\n<h3 style=\"\">Recuperaci\u00f3n de puntos&nbsp;<\/h3>\n<p style=\"\">\u00bfHas perdido puntos del carnet? \u00a1Recup\u00e9ralos con nosotros! Tenemos cursos de recuperaci\u00f3n parcial y total de puntos. Solo tienes que preguntarnos o estar atento a nuestras redes para ver pr\u00f3ximas fechas.&nbsp;<\/p>\n\n\n<p><\/p>","protected":false},"excerpt":{"rendered":"<p>NUESTROS CURSOS \u00bfQu\u00e9 ofrecemos? Nosotros somos la autoescuela y te ense\u00f1amos pero s\u00f3lo t\u00fa sabes lo que quieres estudiar realmente.&nbsp; Estos son nuestros cursos: Carnet tipo B Este es tu curso si lo que quieres es conducir un coche de toda la vida manual. Nosotros nos ocupamos de la teor\u00eda y la pr\u00e1ctica y tu [&hellip;]<\/p>\n","protected":false},"author":1,"featured_media":0,"parent":0,"menu_order":0,"comment_status":"closed","ping_status":"closed","template":"","meta":{"_monsterinsights_skip_tracking":false,"_monsterinsights_sitenote_active":false,"_monsterinsights_sitenote_note":"","_monsterinsights_sitenote_category":0,"site-sidebar-layout":"default","site-content-layout":"","ast-site-content-layout":"default","site-content-style":"default","site-sidebar-style":"default","ast-global-header-display":"","ast-banner-title-visibility":"","ast-main-header-display":"","ast-hfb-above-header-display":"","ast-hfb-below-header-display":"","ast-hfb-mobile-header-display":"","site-post-title":"disabled","ast-breadcrumbs-content":"","ast-featured-img":"","footer-sml-layout":"","theme-transparent-header-meta":"","adv-header-id-meta":"","stick-header-meta":"","header-above-stick-meta":"","header-main-stick-meta":"","header-below-stick-meta":"","astra-migrate-meta-layouts":"set","ast-page-background-enabled":"default","ast-page-background-meta":{"desktop":{"background-color":"var(--ast-global-color-4)","background-image":"","background-repeat":"repeat","background-position":"center center","background-size":"auto","background-attachment":"scroll","background-type":"","background-media":"","overlay-type":"","overlay-color":"","overlay-opacity":"","overlay-gradient":""},"tablet":{"background-color":"","background-image":"","background-repeat":"repeat","background-position":"center center","background-size":"auto","background-attachment":"scroll","background-type":"","background-media":"","overlay-type":"","overlay-color":"","overlay-opacity":"","overlay-gradient":""},"mobile":{"background-color":"","background-image":"","background-repeat":"repeat","background-position":"center center","background-size":"auto","background-attachment":"scroll","background-type":"","background-media":"","overlay-type":"","overlay-color":"","overlay-opacity":"","overlay-gradient":""}},"ast-content-background-meta":{"desktop":{"background-color":"var(--ast-global-color-5)","background-image":"","background-repeat":"repeat","background-position":"center center","background-size":"auto","background-attachment":"scroll","background-type":"","background-media":"","overlay-type":"","overlay-color":"","overlay-opacity":"","overlay-gradient":""},"tablet":{"background-color":"var(--ast-global-color-5)","background-image":"","background-repeat":"repeat","background-position":"center center","background-size":"auto","background-attachment":"scroll","background-type":"","background-media":"","overlay-type":"","overlay-color":"","overlay-opacity":"","overlay-gradient":""},"mobile":{"background-color":"var(--ast-global-color-5)","background-image":"","background-repeat":"repeat","background-position":"center center","background-size":"auto","background-attachment":"scroll","background-type":"","background-media":"","overlay-type":"","overlay-color":"","overlay-opacity":"","overlay-gradient":""}},"_joinchat":[],"footnotes":""},"class_list":["post-3905","page","type-page","status-publish","hentry"],"yoast_head":"<!-- This site is optimized with the Yoast SEO plugin v27.4 - https:\/\/yoast.com\/product\/yoast-seo-wordpress\/ -->\n<title>Nuestros cursos - Autoescuela Siglo XXI<\/title>\n<meta name=\"robots\" content=\"index, follow, max-snippet:-1, max-image-preview:large, max-video-preview:-1\" \/>\n<link rel=\"canonical\" href=\"https:\/\/autoescuelasigloxxirivas.es\/en\/borrador-automatico\/\" \/>\n<meta property=\"og:locale\" content=\"en_GB\" \/>\n<meta property=\"og:type\" content=\"article\" \/>\n<meta property=\"og:title\" content=\"Nuestros cursos - Autoescuela Siglo XXI\" \/>\n<meta property=\"og:description\" content=\"NUESTROS CURSOS \u00bfQu\u00e9 ofrecemos? Nosotros somos la autoescuela y te ense\u00f1amos pero s\u00f3lo t\u00fa sabes lo que quieres estudiar realmente.&nbsp; Estos son nuestros cursos: Carnet tipo B Este es tu curso si lo que quieres es conducir un coche de toda la vida manual. Nosotros nos ocupamos de la teor\u00eda y la pr\u00e1ctica y tu [&hellip;]\" \/>\n<meta property=\"og:url\" content=\"https:\/\/autoescuelasigloxxirivas.es\/en\/borrador-automatico\/\" \/>\n<meta property=\"og:site_name\" content=\"Autoescuela Siglo XXI\" \/>\n<meta property=\"article:publisher\" content=\"https:\/\/www.facebook.com\/profile.php?id=100053452669013\" \/>\n<meta property=\"article:modified_time\" content=\"2025-11-17T12:15:35+00:00\" \/>\n<meta property=\"og:image\" content=\"https:\/\/autoescuelasigloxxirivas.es\/wp-content\/uploads\/2025\/11\/611B89B0-7F9C-4509-AB65-7BB363B5A9A8.png\" \/>\n<meta name=\"twitter:card\" content=\"summary_large_image\" \/>\n<meta name=\"twitter:label1\" content=\"Estimated reading time\" \/>\n\t<meta name=\"twitter:data1\" content=\"3 minutes\" \/>\n<script type=\"application\/ld+json\" class=\"yoast-schema-graph\">{\"@context\":\"https:\\\/\\\/schema.org\",\"@graph\":[{\"@type\":\"WebPage\",\"@id\":\"https:\\\/\\\/autoescuelasigloxxirivas.es\\\/borrador-automatico\\\/\",\"url\":\"https:\\\/\\\/autoescuelasigloxxirivas.es\\\/borrador-automatico\\\/\",\"name\":\"Nuestros cursos - Autoescuela Siglo XXI\",\"isPartOf\":{\"@id\":\"https:\\\/\\\/autoescuelasigloxxirivas.es\\\/#website\"},\"primaryImageOfPage\":{\"@id\":\"https:\\\/\\\/autoescuelasigloxxirivas.es\\\/borrador-automatico\\\/#primaryimage\"},\"image\":{\"@id\":\"https:\\\/\\\/autoescuelasigloxxirivas.es\\\/borrador-automatico\\\/#primaryimage\"},\"thumbnailUrl\":\"https:\\\/\\\/autoescuelasigloxxirivas.es\\\/wp-content\\\/uploads\\\/2025\\\/11\\\/611B89B0-7F9C-4509-AB65-7BB363B5A9A8.png\",\"datePublished\":\"2025-11-17T12:11:26+00:00\",\"dateModified\":\"2025-11-17T12:15:35+00:00\",\"breadcrumb\":{\"@id\":\"https:\\\/\\\/autoescuelasigloxxirivas.es\\\/borrador-automatico\\\/#breadcrumb\"},\"inLanguage\":\"en-GB\",\"potentialAction\":[{\"@type\":\"ReadAction\",\"target\":[\"https:\\\/\\\/autoescuelasigloxxirivas.es\\\/borrador-automatico\\\/\"]}]},{\"@type\":\"ImageObject\",\"inLanguage\":\"en-GB\",\"@id\":\"https:\\\/\\\/autoescuelasigloxxirivas.es\\\/borrador-automatico\\\/#primaryimage\",\"url\":\"https:\\\/\\\/autoescuelasigloxxirivas.es\\\/wp-content\\\/uploads\\\/2025\\\/11\\\/611B89B0-7F9C-4509-AB65-7BB363B5A9A8.png\",\"contentUrl\":\"https:\\\/\\\/autoescuelasigloxxirivas.es\\\/wp-content\\\/uploads\\\/2025\\\/11\\\/611B89B0-7F9C-4509-AB65-7BB363B5A9A8.png\"},{\"@type\":\"BreadcrumbList\",\"@id\":\"https:\\\/\\\/autoescuelasigloxxirivas.es\\\/borrador-automatico\\\/#breadcrumb\",\"itemListElement\":[{\"@type\":\"ListItem\",\"position\":1,\"name\":\"Home\",\"item\":\"https:\\\/\\\/autoescuelasigloxxirivas.es\\\/\"},{\"@type\":\"ListItem\",\"position\":2,\"name\":\"Nuestros cursos\"}]},{\"@type\":\"WebSite\",\"@id\":\"https:\\\/\\\/autoescuelasigloxxirivas.es\\\/#website\",\"url\":\"https:\\\/\\\/autoescuelasigloxxirivas.es\\\/\",\"name\":\"Autoescuela Siglo XXI\",\"description\":\"Conduce hacia la excelencia\",\"publisher\":{\"@id\":\"https:\\\/\\\/autoescuelasigloxxirivas.es\\\/#organization\"},\"potentialAction\":[{\"@type\":\"SearchAction\",\"target\":{\"@type\":\"EntryPoint\",\"urlTemplate\":\"https:\\\/\\\/autoescuelasigloxxirivas.es\\\/?s={search_term_string}\"},\"query-input\":{\"@type\":\"PropertyValueSpecification\",\"valueRequired\":true,\"valueName\":\"search_term_string\"}}],\"inLanguage\":\"en-GB\"},{\"@type\":\"Organization\",\"@id\":\"https:\\\/\\\/autoescuelasigloxxirivas.es\\\/#organization\",\"name\":\"Autoescuela Siglo XXI\",\"url\":\"https:\\\/\\\/autoescuelasigloxxirivas.es\\\/\",\"logo\":{\"@type\":\"ImageObject\",\"inLanguage\":\"en-GB\",\"@id\":\"https:\\\/\\\/autoescuelasigloxxirivas.es\\\/#\\\/schema\\\/logo\\\/image\\\/\",\"url\":\"https:\\\/\\\/autoescuelasigloxxirivas.es\\\/wp-content\\\/uploads\\\/2021\\\/12\\\/logo-better.jpg\",\"contentUrl\":\"https:\\\/\\\/autoescuelasigloxxirivas.es\\\/wp-content\\\/uploads\\\/2021\\\/12\\\/logo-better.jpg\",\"width\":277,\"height\":147,\"caption\":\"Autoescuela Siglo XXI\"},\"image\":{\"@id\":\"https:\\\/\\\/autoescuelasigloxxirivas.es\\\/#\\\/schema\\\/logo\\\/image\\\/\"},\"sameAs\":[\"https:\\\/\\\/www.facebook.com\\\/profile.php?id=100053452669013\",\"https:\\\/\\\/www.instagram.com\\\/autoescuelasigloxxi\\\/\"]}]}<\/script>\n<!-- \/ Yoast SEO plugin. -->","yoast_head_json":{"title":"Nuestros cursos - Autoescuela Siglo XXI","robots":{"index":"index","follow":"follow","max-snippet":"max-snippet:-1","max-image-preview":"max-image-preview:large","max-video-preview":"max-video-preview:-1"},"canonical":"https:\/\/autoescuelasigloxxirivas.es\/en\/borrador-automatico\/","og_locale":"en_GB","og_type":"article","og_title":"Nuestros cursos - Autoescuela Siglo XXI","og_description":"NUESTROS CURSOS \u00bfQu\u00e9 ofrecemos? Nosotros somos la autoescuela y te ense\u00f1amos pero s\u00f3lo t\u00fa sabes lo que quieres estudiar realmente.&nbsp; Estos son nuestros cursos: Carnet tipo B Este es tu curso si lo que quieres es conducir un coche de toda la vida manual. Nosotros nos ocupamos de la teor\u00eda y la pr\u00e1ctica y tu [&hellip;]","og_url":"https:\/\/autoescuelasigloxxirivas.es\/en\/borrador-automatico\/","og_site_name":"Autoescuela Siglo XXI","article_publisher":"https:\/\/www.facebook.com\/profile.php?id=100053452669013","article_modified_time":"2025-11-17T12:15:35+00:00","og_image":[{"url":"https:\/\/autoescuelasigloxxirivas.es\/wp-content\/uploads\/2025\/11\/611B89B0-7F9C-4509-AB65-7BB363B5A9A8.png","type":"","width":"","height":""}],"twitter_card":"summary_large_image","twitter_misc":{"Estimated reading time":"3 minutes"},"schema":{"@context":"https:\/\/schema.org","@graph":[{"@type":"WebPage","@id":"https:\/\/autoescuelasigloxxirivas.es\/borrador-automatico\/","url":"https:\/\/autoescuelasigloxxirivas.es\/borrador-automatico\/","name":"Nuestros cursos - Autoescuela Siglo XXI","isPartOf":{"@id":"https:\/\/autoescuelasigloxxirivas.es\/#website"},"primaryImageOfPage":{"@id":"https:\/\/autoescuelasigloxxirivas.es\/borrador-automatico\/#primaryimage"},"image":{"@id":"https:\/\/autoescuelasigloxxirivas.es\/borrador-automatico\/#primaryimage"},"thumbnailUrl":"https:\/\/autoescuelasigloxxirivas.es\/wp-content\/uploads\/2025\/11\/611B89B0-7F9C-4509-AB65-7BB363B5A9A8.png","datePublished":"2025-11-17T12:11:26+00:00","dateModified":"2025-11-17T12:15:35+00:00","breadcrumb":{"@id":"https:\/\/autoescuelasigloxxirivas.es\/borrador-automatico\/#breadcrumb"},"inLanguage":"en-GB","potentialAction":[{"@type":"ReadAction","target":["https:\/\/autoescuelasigloxxirivas.es\/borrador-automatico\/"]}]},{"@type":"ImageObject","inLanguage":"en-GB","@id":"https:\/\/autoescuelasigloxxirivas.es\/borrador-automatico\/#primaryimage","url":"https:\/\/autoescuelasigloxxirivas.es\/wp-content\/uploads\/2025\/11\/611B89B0-7F9C-4509-AB65-7BB363B5A9A8.png","contentUrl":"https:\/\/autoescuelasigloxxirivas.es\/wp-content\/uploads\/2025\/11\/611B89B0-7F9C-4509-AB65-7BB363B5A9A8.png"},{"@type":"BreadcrumbList","@id":"https:\/\/autoescuelasigloxxirivas.es\/borrador-automatico\/#breadcrumb","itemListElement":[{"@type":"ListItem","position":1,"name":"Home","item":"https:\/\/autoescuelasigloxxirivas.es\/"},{"@type":"ListItem","position":2,"name":"Nuestros cursos"}]},{"@type":"WebSite","@id":"https:\/\/autoescuelasigloxxirivas.es\/#website","url":"https:\/\/autoescuelasigloxxirivas.es\/","name":"Autoescuela Siglo XXI","description":"Conduce hacia la excelencia","publisher":{"@id":"https:\/\/autoescuelasigloxxirivas.es\/#organization"},"potentialAction":[{"@type":"SearchAction","target":{"@type":"EntryPoint","urlTemplate":"https:\/\/autoescuelasigloxxirivas.es\/?s={search_term_string}"},"query-input":{"@type":"PropertyValueSpecification","valueRequired":true,"valueName":"search_term_string"}}],"inLanguage":"en-GB"},{"@type":"Organization","@id":"https:\/\/autoescuelasigloxxirivas.es\/#organization","name":"Autoescuela Siglo XXI","url":"https:\/\/autoescuelasigloxxirivas.es\/","logo":{"@type":"ImageObject","inLanguage":"en-GB","@id":"https:\/\/autoescuelasigloxxirivas.es\/#\/schema\/logo\/image\/","url":"https:\/\/autoescuelasigloxxirivas.es\/wp-content\/uploads\/2021\/12\/logo-better.jpg","contentUrl":"https:\/\/autoescuelasigloxxirivas.es\/wp-content\/uploads\/2021\/12\/logo-better.jpg","width":277,"height":147,"caption":"Autoescuela Siglo XXI"},"image":{"@id":"https:\/\/autoescuelasigloxxirivas.es\/#\/schema\/logo\/image\/"},"sameAs":["https:\/\/www.facebook.com\/profile.php?id=100053452669013","https:\/\/www.instagram.com\/autoescuelasigloxxi\/"]}]}},"_links":{"self":[{"href":"https:\/\/autoescuelasigloxxirivas.es\/en\/wp-json\/wp\/v2\/pages\/3905","targetHints":{"allow":["GET"]}}],"collection":[{"href":"https:\/\/autoescuelasigloxxirivas.es\/en\/wp-json\/wp\/v2\/pages"}],"about":[{"href":"https:\/\/autoescuelasigloxxirivas.es\/en\/wp-json\/wp\/v2\/types\/page"}],"author":[{"embeddable":true,"href":"https:\/\/autoescuelasigloxxirivas.es\/en\/wp-json\/wp\/v2\/users\/1"}],"replies":[{"embeddable":true,"href":"https:\/\/autoescuelasigloxxirivas.es\/en\/wp-json\/wp\/v2\/comments?post=3905"}],"version-history":[{"count":6,"href":"https:\/\/autoescuelasigloxxirivas.es\/en\/wp-json\/wp\/v2\/pages\/3905\/revisions"}],"predecessor-version":[{"id":3920,"href":"https:\/\/autoescuelasigloxxirivas.es\/en\/wp-json\/wp\/v2\/pages\/3905\/revisions\/3920"}],"wp:attachment":[{"href":"https:\/\/autoescuelasigloxxirivas.es\/en\/wp-json\/wp\/v2\/media?parent=3905"}],"curies":[{"name":"wp","href":"https:\/\/api.w.org\/{rel}","templated":true}]}}