{"id":3774,"date":"2025-06-03T18:51:33","date_gmt":"2025-06-03T16:51:33","guid":{"rendered":"https:\/\/autoescuelasigloxxirivas.es\/?page_id=3774"},"modified":"2025-10-24T08:55:52","modified_gmt":"2025-10-24T06:55:52","slug":"proximas-fechas-curso-recuperacion-de-puntos","status":"publish","type":"page","link":"https:\/\/autoescuelasigloxxirivas.es\/en\/proximas-fechas-curso-recuperacion-de-puntos\/","title":{"rendered":""},"content":{"rendered":"<h1 style=\"text-align: center;\"><strong>Pr\u00f3ximos cursos recuperaci\u00f3n de puntos <\/strong><strong>RECUPERACI\u00d3N PARCIAL<span style=\"--tcb-text-highlight-color: #e9ff4c  !important;\" data-tcb-highlight-animation=\"viewport_once\" data-svg-config=\"{&quot;animationCount&quot;:1,&quot;animationDuration&quot;:1,&quot;animationDelay&quot;:1,&quot;strokeWidth&quot;:5}\" data-text-highlight=\"marker-background\">\u00a0<\/span>PUNTOS\u00a0<\/strong><\/h1>\n<h1 style=\"text-align: center;\"><strong>\u200b\u200bNoviembre<\/strong><\/h1>\n<h1 style=\"text-align: center;\"><span style=\"--tcb-text-highlight-color: #2ABB61   !important;\" data-text-highlight=\"marker-background\">Curso 1\u00aa Semana <\/span><span style=\"text-decoration: underline;\"><strong>S\u00e1bado 8\u00a0 de Noviembre<\/strong><\/span><strong> 08:00\/ 15:45\u00a0<\/strong><\/h1>\n<h1 style=\"text-align: center;\"><span style=\"text-decoration: underline;\">Inscribete en el curso ahora:<\/span><span style=\"text-decoration: underline;\">\u00a0640 711 363<\/span><\/h1>\n<h1 style=\"text-align: center;\"><span style=\"--tcb-text-highlight-color: #2abb61   !important;\" data-tcb-highlight-animation=\"viewport_once\" data-svg-config=\"{&quot;animationCount&quot;:1,&quot;animationDuration&quot;:1,&quot;animationDelay&quot;:1,&quot;strokeWidth&quot;:5}\" data-text-highlight=\"marker-background\">Curso 2\u00aa Semana Martes<\/span><span style=\"text-decoration: underline;\"><strong> 18 \/ 19 de Noviembre<\/strong><\/span><strong>\u00a0 15:00 &#8211; 20:3<\/strong><\/h1>\n<h1 style=\"text-align: center;\"><span style=\"text-decoration: underline;\">Inscribete en el curso ahora:<\/span><span style=\"text-decoration: underline;\">\u00a0640 711 363<\/span><\/h1>\n<h1 style=\"text-align: center;\"><span style=\"text-decoration: underline;\">Tiempo restante para que comience el curso<\/span><\/h1>","protected":false},"excerpt":{"rendered":"<p>Pr\u00f3ximos cursos recuperaci\u00f3n de puntos RECUPERACI\u00d3N PARCIAL\u00a0PUNTOS\u00a0 \u200b\u200bNoviembre Curso 1\u00aa Semana S\u00e1bado 8\u00a0 de Noviembre 08:00\/ 15:45\u00a0 Inscribete en el curso ahora:\u00a0640 711 363 Curso 2\u00aa Semana Martes 18 \/ 19 de Noviembre\u00a0 15:00 &#8211; 20:3 Inscribete en el curso ahora:\u00a0640 711 363 Tiempo restante para que comience el curso<\/p>","protected":false},"author":1,"featured_media":0,"parent":0,"menu_order":0,"comment_status":"closed","ping_status":"closed","template":"","meta":{"_monsterinsights_skip_tracking":false,"_monsterinsights_sitenote_active":false,"_monsterinsights_sitenote_note":"","_monsterinsights_sitenote_category":0,"site-sidebar-layout":"default","site-content-layout":"","ast-site-content-layout":"default","site-content-style":"default","site-sidebar-style":"default","ast-global-header-display":"","ast-banner-title-visibility":"","ast-main-header-display":"","ast-hfb-above-header-display":"","ast-hfb-below-header-display":"","ast-hfb-mobile-header-display":"","site-post-title":"","ast-breadcrumbs-content":"","ast-featured-img":"","footer-sml-layout":"","theme-transparent-header-meta":"","adv-header-id-meta":"","stick-header-meta":"","header-above-stick-meta":"","header-main-stick-meta":"","header-below-stick-meta":"","astra-migrate-meta-layouts":"set","ast-page-background-enabled":"default","ast-page-background-meta":{"desktop":{"background-color":"var(--ast-global-color-4)","background-image":"","background-repeat":"repeat","background-position":"center center","background-size":"auto","background-attachment":"scroll","background-type":"","background-media":"","overlay-type":"","overlay-color":"","overlay-opacity":"","overlay-gradient":""},"tablet":{"background-color":"","background-image":"","background-repeat":"repeat","background-position":"center center","background-size":"auto","background-attachment":"scroll","background-type":"","background-media":"","overlay-type":"","overlay-color":"","overlay-opacity":"","overlay-gradient":""},"mobile":{"background-color":"","background-image":"","background-repeat":"repeat","background-position":"center center","background-size":"auto","background-attachment":"scroll","background-type":"","background-media":"","overlay-type":"","overlay-color":"","overlay-opacity":"","overlay-gradient":""}},"ast-content-background-meta":{"desktop":{"background-color":"var(--ast-global-color-5)","background-image":"","background-repeat":"repeat","background-position":"center center","background-size":"auto","background-attachment":"scroll","background-type":"","background-media":"","overlay-type":"","overlay-color":"","overlay-opacity":"","overlay-gradient":""},"tablet":{"background-color":"var(--ast-global-color-5)","background-image":"","background-repeat":"repeat","background-position":"center center","background-size":"auto","background-attachment":"scroll","background-type":"","background-media":"","overlay-type":"","overlay-color":"","overlay-opacity":"","overlay-gradient":""},"mobile":{"background-color":"var(--ast-global-color-5)","background-image":"","background-repeat":"repeat","background-position":"center center","background-size":"auto","background-attachment":"scroll","background-type":"","background-media":"","overlay-type":"","overlay-color":"","overlay-opacity":"","overlay-gradient":""}},"_joinchat":[],"footnotes":""},"class_list":["post-3774","page","type-page","status-publish","hentry"],"yoast_head":"<!-- This site is optimized with the Yoast SEO plugin v27.5 - https:\/\/yoast.com\/product\/yoast-seo-wordpress\/ -->\n<title>- Autoescuela Siglo XXI<\/title>\n<meta name=\"robots\" content=\"index, follow, max-snippet:-1, max-image-preview:large, max-video-preview:-1\" \/>\n<link rel=\"canonical\" href=\"https:\/\/autoescuelasigloxxirivas.es\/en\/proximas-fechas-curso-recuperacion-de-puntos\/\" \/>\n<meta property=\"og:locale\" content=\"en_GB\" \/>\n<meta property=\"og:type\" content=\"article\" \/>\n<meta property=\"og:title\" content=\"- Autoescuela Siglo XXI\" \/>\n<meta property=\"og:description\" content=\"Pr\u00f3ximos cursos recuperaci\u00f3n de puntos RECUPERACI\u00d3N PARCIAL\u00a0PUNTOS\u00a0 \u200b\u200bNoviembre Curso 1\u00aa Semana S\u00e1bado 8\u00a0 de Noviembre 08:00\/ 15:45\u00a0 Inscribete en el curso ahora:\u00a0640 711 363 Curso 2\u00aa Semana Martes 18 \/ 19 de Noviembre\u00a0 15:00 &#8211; 20:3 Inscribete en el curso ahora:\u00a0640 711 363 Tiempo restante para que comience el curso\" \/>\n<meta property=\"og:url\" content=\"https:\/\/autoescuelasigloxxirivas.es\/en\/proximas-fechas-curso-recuperacion-de-puntos\/\" \/>\n<meta property=\"og:site_name\" content=\"Autoescuela Siglo XXI\" \/>\n<meta property=\"article:publisher\" content=\"https:\/\/www.facebook.com\/profile.php?id=100053452669013\" \/>\n<meta property=\"article:modified_time\" content=\"2025-10-24T06:55:52+00:00\" \/>\n<meta name=\"twitter:card\" content=\"summary_large_image\" \/>\n<meta name=\"twitter:label1\" content=\"Estimated reading time\" \/>\n\t<meta name=\"twitter:data1\" content=\"1 minute\" \/>\n<script type=\"application\/ld+json\" class=\"yoast-schema-graph\">{\"@context\":\"https:\\\/\\\/schema.org\",\"@graph\":[{\"@type\":\"WebPage\",\"@id\":\"https:\\\/\\\/autoescuelasigloxxirivas.es\\\/proximas-fechas-curso-recuperacion-de-puntos\\\/\",\"url\":\"https:\\\/\\\/autoescuelasigloxxirivas.es\\\/proximas-fechas-curso-recuperacion-de-puntos\\\/\",\"name\":\"- Autoescuela Siglo XXI\",\"isPartOf\":{\"@id\":\"https:\\\/\\\/autoescuelasigloxxirivas.es\\\/#website\"},\"datePublished\":\"2025-06-03T16:51:33+00:00\",\"dateModified\":\"2025-10-24T06:55:52+00:00\",\"inLanguage\":\"en-GB\",\"potentialAction\":[{\"@type\":\"ReadAction\",\"target\":[\"https:\\\/\\\/autoescuelasigloxxirivas.es\\\/proximas-fechas-curso-recuperacion-de-puntos\\\/\"]}]},{\"@type\":\"WebSite\",\"@id\":\"https:\\\/\\\/autoescuelasigloxxirivas.es\\\/#website\",\"url\":\"https:\\\/\\\/autoescuelasigloxxirivas.es\\\/\",\"name\":\"Autoescuela Siglo XXI\",\"description\":\"Conduce hacia la excelencia\",\"publisher\":{\"@id\":\"https:\\\/\\\/autoescuelasigloxxirivas.es\\\/#organization\"},\"potentialAction\":[{\"@type\":\"SearchAction\",\"target\":{\"@type\":\"EntryPoint\",\"urlTemplate\":\"https:\\\/\\\/autoescuelasigloxxirivas.es\\\/?s={search_term_string}\"},\"query-input\":{\"@type\":\"PropertyValueSpecification\",\"valueRequired\":true,\"valueName\":\"search_term_string\"}}],\"inLanguage\":\"en-GB\"},{\"@type\":\"Organization\",\"@id\":\"https:\\\/\\\/autoescuelasigloxxirivas.es\\\/#organization\",\"name\":\"Autoescuela Siglo XXI\",\"url\":\"https:\\\/\\\/autoescuelasigloxxirivas.es\\\/\",\"logo\":{\"@type\":\"ImageObject\",\"inLanguage\":\"en-GB\",\"@id\":\"https:\\\/\\\/autoescuelasigloxxirivas.es\\\/#\\\/schema\\\/logo\\\/image\\\/\",\"url\":\"https:\\\/\\\/autoescuelasigloxxirivas.es\\\/wp-content\\\/uploads\\\/2021\\\/12\\\/logo-better.jpg\",\"contentUrl\":\"https:\\\/\\\/autoescuelasigloxxirivas.es\\\/wp-content\\\/uploads\\\/2021\\\/12\\\/logo-better.jpg\",\"width\":277,\"height\":147,\"caption\":\"Autoescuela Siglo XXI\"},\"image\":{\"@id\":\"https:\\\/\\\/autoescuelasigloxxirivas.es\\\/#\\\/schema\\\/logo\\\/image\\\/\"},\"sameAs\":[\"https:\\\/\\\/www.facebook.com\\\/profile.php?id=100053452669013\",\"https:\\\/\\\/www.instagram.com\\\/autoescuelasigloxxi\\\/\"]}]}<\/script>\n<!-- \/ Yoast SEO plugin. -->","yoast_head_json":{"title":"- Autoescuela Siglo XXI","robots":{"index":"index","follow":"follow","max-snippet":"max-snippet:-1","max-image-preview":"max-image-preview:large","max-video-preview":"max-video-preview:-1"},"canonical":"https:\/\/autoescuelasigloxxirivas.es\/en\/proximas-fechas-curso-recuperacion-de-puntos\/","og_locale":"en_GB","og_type":"article","og_title":"- Autoescuela Siglo XXI","og_description":"Pr\u00f3ximos cursos recuperaci\u00f3n de puntos RECUPERACI\u00d3N PARCIAL\u00a0PUNTOS\u00a0 \u200b\u200bNoviembre Curso 1\u00aa Semana S\u00e1bado 8\u00a0 de Noviembre 08:00\/ 15:45\u00a0 Inscribete en el curso ahora:\u00a0640 711 363 Curso 2\u00aa Semana Martes 18 \/ 19 de Noviembre\u00a0 15:00 &#8211; 20:3 Inscribete en el curso ahora:\u00a0640 711 363 Tiempo restante para que comience el curso","og_url":"https:\/\/autoescuelasigloxxirivas.es\/en\/proximas-fechas-curso-recuperacion-de-puntos\/","og_site_name":"Autoescuela Siglo XXI","article_publisher":"https:\/\/www.facebook.com\/profile.php?id=100053452669013","article_modified_time":"2025-10-24T06:55:52+00:00","twitter_card":"summary_large_image","twitter_misc":{"Estimated reading time":"1 minute"},"schema":{"@context":"https:\/\/schema.org","@graph":[{"@type":"WebPage","@id":"https:\/\/autoescuelasigloxxirivas.es\/proximas-fechas-curso-recuperacion-de-puntos\/","url":"https:\/\/autoescuelasigloxxirivas.es\/proximas-fechas-curso-recuperacion-de-puntos\/","name":"- Autoescuela Siglo XXI","isPartOf":{"@id":"https:\/\/autoescuelasigloxxirivas.es\/#website"},"datePublished":"2025-06-03T16:51:33+00:00","dateModified":"2025-10-24T06:55:52+00:00","inLanguage":"en-GB","potentialAction":[{"@type":"ReadAction","target":["https:\/\/autoescuelasigloxxirivas.es\/proximas-fechas-curso-recuperacion-de-puntos\/"]}]},{"@type":"WebSite","@id":"https:\/\/autoescuelasigloxxirivas.es\/#website","url":"https:\/\/autoescuelasigloxxirivas.es\/","name":"Autoescuela Siglo XXI","description":"Conduce hacia la excelencia","publisher":{"@id":"https:\/\/autoescuelasigloxxirivas.es\/#organization"},"potentialAction":[{"@type":"SearchAction","target":{"@type":"EntryPoint","urlTemplate":"https:\/\/autoescuelasigloxxirivas.es\/?s={search_term_string}"},"query-input":{"@type":"PropertyValueSpecification","valueRequired":true,"valueName":"search_term_string"}}],"inLanguage":"en-GB"},{"@type":"Organization","@id":"https:\/\/autoescuelasigloxxirivas.es\/#organization","name":"Autoescuela Siglo XXI","url":"https:\/\/autoescuelasigloxxirivas.es\/","logo":{"@type":"ImageObject","inLanguage":"en-GB","@id":"https:\/\/autoescuelasigloxxirivas.es\/#\/schema\/logo\/image\/","url":"https:\/\/autoescuelasigloxxirivas.es\/wp-content\/uploads\/2021\/12\/logo-better.jpg","contentUrl":"https:\/\/autoescuelasigloxxirivas.es\/wp-content\/uploads\/2021\/12\/logo-better.jpg","width":277,"height":147,"caption":"Autoescuela Siglo XXI"},"image":{"@id":"https:\/\/autoescuelasigloxxirivas.es\/#\/schema\/logo\/image\/"},"sameAs":["https:\/\/www.facebook.com\/profile.php?id=100053452669013","https:\/\/www.instagram.com\/autoescuelasigloxxi\/"]}]}},"_links":{"self":[{"href":"https:\/\/autoescuelasigloxxirivas.es\/en\/wp-json\/wp\/v2\/pages\/3774","targetHints":{"allow":["GET"]}}],"collection":[{"href":"https:\/\/autoescuelasigloxxirivas.es\/en\/wp-json\/wp\/v2\/pages"}],"about":[{"href":"https:\/\/autoescuelasigloxxirivas.es\/en\/wp-json\/wp\/v2\/types\/page"}],"author":[{"embeddable":true,"href":"https:\/\/autoescuelasigloxxirivas.es\/en\/wp-json\/wp\/v2\/users\/1"}],"replies":[{"embeddable":true,"href":"https:\/\/autoescuelasigloxxirivas.es\/en\/wp-json\/wp\/v2\/comments?post=3774"}],"version-history":[{"count":23,"href":"https:\/\/autoescuelasigloxxirivas.es\/en\/wp-json\/wp\/v2\/pages\/3774\/revisions"}],"predecessor-version":[{"id":3853,"href":"https:\/\/autoescuelasigloxxirivas.es\/en\/wp-json\/wp\/v2\/pages\/3774\/revisions\/3853"}],"wp:attachment":[{"href":"https:\/\/autoescuelasigloxxirivas.es\/en\/wp-json\/wp\/v2\/media?parent=3774"}],"curies":[{"name":"wp","href":"https:\/\/api.w.org\/{rel}","templated":true}]}}