{"id":3677,"date":"2024-12-14T17:22:57","date_gmt":"2024-12-14T16:22:57","guid":{"rendered":"https:\/\/autoescuelasigloxxirivas.es\/?page_id=3677"},"modified":"2025-12-17T13:38:38","modified_gmt":"2025-12-17T12:38:38","slug":"proximo-curso-intensivo","status":"publish","type":"page","link":"https:\/\/autoescuelasigloxxirivas.es\/en\/proximo-curso-intensivo\/","title":{"rendered":"pr\u00f3ximo curso intensivo"},"content":{"rendered":"<h2 style=\"text-align: center;\">PR\u00d3XIMO CURSO INTENSIVO<\/h2>\n<p style=\"text-align: center;\"><em>UN CURSO POTENTE PARA PREPARARTE R\u00c1PIDAMENTE PARA EL EXAMEN&nbsp;<\/em><em>TE\u00d3RICO<\/em><\/p>\n<p style=\"text-align: center;\">\u00bfCUANDO ES EL CURSO?<\/p>\n<p style=\"text-align: center;\">\u00a1Pendiente a nuevas fechas! <span style=\"font-style: inherit; font-weight: var(--g-bold-weight,bold); -webkit-text-size-adjust: 100%;\"><\/span><span style=\"font-style: inherit; font-weight: var(--g-bold-weight,bold); -webkit-text-size-adjust: 100%;\">Lo anunciaremos A trav\u00e9s de nuestras redes sociales: @autoescuelasigloxxi<\/span><\/p>\n<p style=\"text-align: center;\">\n<p style=\"text-align: center;\">RESERVA TU PLAZAR<\/p>\n<p style=\"text-align: center;\"><em><span><a href=\"tel:914 99 69 28\" style=\"outline: currentcolor;\">914 99 <u><\/u>6<u><\/u><u><\/u>9 28<\/a><\/span><\/em><\/p>\n<p style=\"text-align: center;\">info@autoescuelasigloxxirivas.es<span><\/span><\/p>\n<h3 style=\"text-align: center;\"><span style=\"font-style: normal; text-decoration: underline;\">Preguntas <\/span><span style=\"font-style: normal;\">frecuentes<\/span><span style=\"font-style: normal; text-decoration: underline;\"> sobre el curso<\/span><\/h3>\n<p style=\"text-align: center;\"><span style=\"font-style: normal;\">-\u00bfTengo que inscribirme antes al curso?-<\/span><\/p>\n<p style=\"text-align: center;\"><span style=\"font-style: normal;\">Si. Tienes que <strong>llamar a la autoescuela o mandar un mail <\/strong>para reservar tu plaza en el curso. Las plazas son limitadas y se inscriben por orden &nbsp;de reserva.<\/span><\/p>\n<p style=\"text-align: center;\"><span style=\"font-style: normal;\">-\u00bfQu\u00e9 coste tiene apuntarse al curso intensivo?-<\/span><\/p>\n<p style=\"text-align: center;\"><span style=\"font-style: normal;\">El curso est\u00e1 disponible <strong>\u00fanicamente para los alumnos que est\u00e1n inscritos en la autoescuela<\/strong> y est\u00e1 incluido en el precio de la matricula.<\/span><\/p>\n<p style=\"text-align: center;\"><span style=\"font-style: normal;\">-\u00bfMe va a servir para aprobar el examen te\u00f3rico?-<\/span><\/p>\n<p style=\"text-align: center;\"><span style=\"font-style: normal;\"><span style=\"font-weight: normal;\"><span>Asistir al curso intensivo no te garantiza aprobar 100% el examen te\u00f3rico.&nbsp;<\/span><\/span><\/span><\/p>\n<p style=\"text-align: center;\"><span style=\"font-style: normal;\"><span style=\"font-weight: normal;\"><span>Lo que si te va a dar es un gran impulso.<\/span><\/span><\/span><\/p>\n<p style=\"text-align: center;\"><span style=\"font-style: normal;\"><span style=\"font-weight: normal;\"><span>Ten en cuenta que vas a ver durante el curso muchas preguntas que se repiten continuamente en los ex\u00e1menes de la DGT y&nbsp;<\/span><\/span><span>todo esto lo vas a llevar fresco de cara al examen.<\/span><\/span><\/p>\n<p style=\"text-align: center;\"><span style=\"font-weight: normal;\"><span>Por esta raz\u00f3n el n\u00famero de <span style=\"font-style: normal;\">aprobados<\/span> despu\u00e9s de realizar un curso intensivo es <span style=\"font-style: normal;\">muy<\/span> superior <span style=\"font-style: normal;\">a<\/span> <span style=\"font-style: normal;\">la<\/span> <span style=\"font-style: normal;\">media<\/span>.<\/span><\/span><\/p>\n<p style=\"text-align: center;\">\n<p style=\"text-align: center;\">","protected":false},"excerpt":{"rendered":"<p>PR\u00d3XIMO CURSO INTENSIVO UN CURSO POTENTE PARA PREPARARTE R\u00c1PIDAMENTE PARA EL EXAMEN&nbsp;TE\u00d3RICO \u00bfCUANDO ES EL CURSO? \u00a1Pendiente a nuevas fechas! Lo anunciaremos A trav\u00e9s de nuestras redes sociales: @autoescuelasigloxxi RESERVA TU PLAZAR 914 99 69 28 info@autoescuelasigloxxirivas.es Preguntas frecuentes sobre el curso -\u00bfTengo que inscribirme antes al curso?- Si. Tienes que llamar a la autoescuela [&hellip;]<\/p>\n","protected":false},"author":1,"featured_media":0,"parent":0,"menu_order":0,"comment_status":"closed","ping_status":"closed","template":"","meta":{"_monsterinsights_skip_tracking":false,"_monsterinsights_sitenote_active":false,"_monsterinsights_sitenote_note":"","_monsterinsights_sitenote_category":0,"site-sidebar-layout":"default","site-content-layout":"","ast-site-content-layout":"default","site-content-style":"default","site-sidebar-style":"default","ast-global-header-display":"","ast-banner-title-visibility":"","ast-main-header-display":"","ast-hfb-above-header-display":"","ast-hfb-below-header-display":"","ast-hfb-mobile-header-display":"","site-post-title":"disabled","ast-breadcrumbs-content":"","ast-featured-img":"","footer-sml-layout":"","theme-transparent-header-meta":"","adv-header-id-meta":"","stick-header-meta":"","header-above-stick-meta":"","header-main-stick-meta":"","header-below-stick-meta":"","astra-migrate-meta-layouts":"set","ast-page-background-enabled":"default","ast-page-background-meta":{"desktop":{"background-color":"var(--ast-global-color-4)","background-image":"","background-repeat":"repeat","background-position":"center center","background-size":"auto","background-attachment":"scroll","background-type":"","background-media":"","overlay-type":"","overlay-color":"","overlay-opacity":"","overlay-gradient":""},"tablet":{"background-color":"","background-image":"","background-repeat":"repeat","background-position":"center center","background-size":"auto","background-attachment":"scroll","background-type":"","background-media":"","overlay-type":"","overlay-color":"","overlay-opacity":"","overlay-gradient":""},"mobile":{"background-color":"","background-image":"","background-repeat":"repeat","background-position":"center center","background-size":"auto","background-attachment":"scroll","background-type":"","background-media":"","overlay-type":"","overlay-color":"","overlay-opacity":"","overlay-gradient":""}},"ast-content-background-meta":{"desktop":{"background-color":"var(--ast-global-color-5)","background-image":"","background-repeat":"repeat","background-position":"center center","background-size":"auto","background-attachment":"scroll","background-type":"","background-media":"","overlay-type":"","overlay-color":"","overlay-opacity":"","overlay-gradient":""},"tablet":{"background-color":"var(--ast-global-color-5)","background-image":"","background-repeat":"repeat","background-position":"center center","background-size":"auto","background-attachment":"scroll","background-type":"","background-media":"","overlay-type":"","overlay-color":"","overlay-opacity":"","overlay-gradient":""},"mobile":{"background-color":"var(--ast-global-color-5)","background-image":"","background-repeat":"repeat","background-position":"center center","background-size":"auto","background-attachment":"scroll","background-type":"","background-media":"","overlay-type":"","overlay-color":"","overlay-opacity":"","overlay-gradient":""}},"_joinchat":[],"footnotes":""},"class_list":["post-3677","page","type-page","status-publish","hentry"],"yoast_head":"<!-- This site is optimized with the Yoast SEO plugin v27.4 - https:\/\/yoast.com\/product\/yoast-seo-wordpress\/ -->\n<title>pr\u00f3ximo curso intensivo - Autoescuela Siglo XXI<\/title>\n<meta name=\"robots\" content=\"index, follow, max-snippet:-1, max-image-preview:large, max-video-preview:-1\" \/>\n<link rel=\"canonical\" href=\"https:\/\/autoescuelasigloxxirivas.es\/en\/proximo-curso-intensivo\/\" \/>\n<meta property=\"og:locale\" content=\"en_GB\" \/>\n<meta property=\"og:type\" content=\"article\" \/>\n<meta property=\"og:title\" content=\"pr\u00f3ximo curso intensivo - Autoescuela Siglo XXI\" \/>\n<meta property=\"og:description\" content=\"PR\u00d3XIMO CURSO INTENSIVO UN CURSO POTENTE PARA PREPARARTE R\u00c1PIDAMENTE PARA EL EXAMEN&nbsp;TE\u00d3RICO \u00bfCUANDO ES EL CURSO? \u00a1Pendiente a nuevas fechas! Lo anunciaremos A trav\u00e9s de nuestras redes sociales: @autoescuelasigloxxi RESERVA TU PLAZAR 914 99 69 28 info@autoescuelasigloxxirivas.es Preguntas frecuentes sobre el curso -\u00bfTengo que inscribirme antes al curso?- Si. Tienes que llamar a la autoescuela [&hellip;]\" \/>\n<meta property=\"og:url\" content=\"https:\/\/autoescuelasigloxxirivas.es\/en\/proximo-curso-intensivo\/\" \/>\n<meta property=\"og:site_name\" content=\"Autoescuela Siglo XXI\" \/>\n<meta property=\"article:publisher\" content=\"https:\/\/www.facebook.com\/profile.php?id=100053452669013\" \/>\n<meta property=\"article:modified_time\" content=\"2025-12-17T12:38:38+00:00\" \/>\n<meta name=\"twitter:card\" content=\"summary_large_image\" \/>\n<meta name=\"twitter:label1\" content=\"Estimated reading time\" \/>\n\t<meta name=\"twitter:data1\" content=\"1 minute\" \/>\n<script type=\"application\/ld+json\" class=\"yoast-schema-graph\">{\"@context\":\"https:\\\/\\\/schema.org\",\"@graph\":[{\"@type\":\"WebPage\",\"@id\":\"https:\\\/\\\/autoescuelasigloxxirivas.es\\\/proximo-curso-intensivo\\\/\",\"url\":\"https:\\\/\\\/autoescuelasigloxxirivas.es\\\/proximo-curso-intensivo\\\/\",\"name\":\"pr\u00f3ximo curso intensivo - Autoescuela Siglo XXI\",\"isPartOf\":{\"@id\":\"https:\\\/\\\/autoescuelasigloxxirivas.es\\\/#website\"},\"datePublished\":\"2024-12-14T16:22:57+00:00\",\"dateModified\":\"2025-12-17T12:38:38+00:00\",\"breadcrumb\":{\"@id\":\"https:\\\/\\\/autoescuelasigloxxirivas.es\\\/proximo-curso-intensivo\\\/#breadcrumb\"},\"inLanguage\":\"en-GB\",\"potentialAction\":[{\"@type\":\"ReadAction\",\"target\":[\"https:\\\/\\\/autoescuelasigloxxirivas.es\\\/proximo-curso-intensivo\\\/\"]}]},{\"@type\":\"BreadcrumbList\",\"@id\":\"https:\\\/\\\/autoescuelasigloxxirivas.es\\\/proximo-curso-intensivo\\\/#breadcrumb\",\"itemListElement\":[{\"@type\":\"ListItem\",\"position\":1,\"name\":\"Home\",\"item\":\"https:\\\/\\\/autoescuelasigloxxirivas.es\\\/\"},{\"@type\":\"ListItem\",\"position\":2,\"name\":\"pr\u00f3ximo curso intensivo\"}]},{\"@type\":\"WebSite\",\"@id\":\"https:\\\/\\\/autoescuelasigloxxirivas.es\\\/#website\",\"url\":\"https:\\\/\\\/autoescuelasigloxxirivas.es\\\/\",\"name\":\"Autoescuela Siglo XXI\",\"description\":\"Conduce hacia la excelencia\",\"publisher\":{\"@id\":\"https:\\\/\\\/autoescuelasigloxxirivas.es\\\/#organization\"},\"potentialAction\":[{\"@type\":\"SearchAction\",\"target\":{\"@type\":\"EntryPoint\",\"urlTemplate\":\"https:\\\/\\\/autoescuelasigloxxirivas.es\\\/?s={search_term_string}\"},\"query-input\":{\"@type\":\"PropertyValueSpecification\",\"valueRequired\":true,\"valueName\":\"search_term_string\"}}],\"inLanguage\":\"en-GB\"},{\"@type\":\"Organization\",\"@id\":\"https:\\\/\\\/autoescuelasigloxxirivas.es\\\/#organization\",\"name\":\"Autoescuela Siglo XXI\",\"url\":\"https:\\\/\\\/autoescuelasigloxxirivas.es\\\/\",\"logo\":{\"@type\":\"ImageObject\",\"inLanguage\":\"en-GB\",\"@id\":\"https:\\\/\\\/autoescuelasigloxxirivas.es\\\/#\\\/schema\\\/logo\\\/image\\\/\",\"url\":\"https:\\\/\\\/autoescuelasigloxxirivas.es\\\/wp-content\\\/uploads\\\/2021\\\/12\\\/logo-better.jpg\",\"contentUrl\":\"https:\\\/\\\/autoescuelasigloxxirivas.es\\\/wp-content\\\/uploads\\\/2021\\\/12\\\/logo-better.jpg\",\"width\":277,\"height\":147,\"caption\":\"Autoescuela Siglo XXI\"},\"image\":{\"@id\":\"https:\\\/\\\/autoescuelasigloxxirivas.es\\\/#\\\/schema\\\/logo\\\/image\\\/\"},\"sameAs\":[\"https:\\\/\\\/www.facebook.com\\\/profile.php?id=100053452669013\",\"https:\\\/\\\/www.instagram.com\\\/autoescuelasigloxxi\\\/\"]}]}<\/script>\n<!-- \/ Yoast SEO plugin. -->","yoast_head_json":{"title":"pr\u00f3ximo curso intensivo - Autoescuela Siglo XXI","robots":{"index":"index","follow":"follow","max-snippet":"max-snippet:-1","max-image-preview":"max-image-preview:large","max-video-preview":"max-video-preview:-1"},"canonical":"https:\/\/autoescuelasigloxxirivas.es\/en\/proximo-curso-intensivo\/","og_locale":"en_GB","og_type":"article","og_title":"pr\u00f3ximo curso intensivo - Autoescuela Siglo XXI","og_description":"PR\u00d3XIMO CURSO INTENSIVO UN CURSO POTENTE PARA PREPARARTE R\u00c1PIDAMENTE PARA EL EXAMEN&nbsp;TE\u00d3RICO \u00bfCUANDO ES EL CURSO? \u00a1Pendiente a nuevas fechas! Lo anunciaremos A trav\u00e9s de nuestras redes sociales: @autoescuelasigloxxi RESERVA TU PLAZAR 914 99 69 28 info@autoescuelasigloxxirivas.es Preguntas frecuentes sobre el curso -\u00bfTengo que inscribirme antes al curso?- Si. Tienes que llamar a la autoescuela [&hellip;]","og_url":"https:\/\/autoescuelasigloxxirivas.es\/en\/proximo-curso-intensivo\/","og_site_name":"Autoescuela Siglo XXI","article_publisher":"https:\/\/www.facebook.com\/profile.php?id=100053452669013","article_modified_time":"2025-12-17T12:38:38+00:00","twitter_card":"summary_large_image","twitter_misc":{"Estimated reading time":"1 minute"},"schema":{"@context":"https:\/\/schema.org","@graph":[{"@type":"WebPage","@id":"https:\/\/autoescuelasigloxxirivas.es\/proximo-curso-intensivo\/","url":"https:\/\/autoescuelasigloxxirivas.es\/proximo-curso-intensivo\/","name":"pr\u00f3ximo curso intensivo - Autoescuela Siglo XXI","isPartOf":{"@id":"https:\/\/autoescuelasigloxxirivas.es\/#website"},"datePublished":"2024-12-14T16:22:57+00:00","dateModified":"2025-12-17T12:38:38+00:00","breadcrumb":{"@id":"https:\/\/autoescuelasigloxxirivas.es\/proximo-curso-intensivo\/#breadcrumb"},"inLanguage":"en-GB","potentialAction":[{"@type":"ReadAction","target":["https:\/\/autoescuelasigloxxirivas.es\/proximo-curso-intensivo\/"]}]},{"@type":"BreadcrumbList","@id":"https:\/\/autoescuelasigloxxirivas.es\/proximo-curso-intensivo\/#breadcrumb","itemListElement":[{"@type":"ListItem","position":1,"name":"Home","item":"https:\/\/autoescuelasigloxxirivas.es\/"},{"@type":"ListItem","position":2,"name":"pr\u00f3ximo curso intensivo"}]},{"@type":"WebSite","@id":"https:\/\/autoescuelasigloxxirivas.es\/#website","url":"https:\/\/autoescuelasigloxxirivas.es\/","name":"Autoescuela Siglo XXI","description":"Conduce hacia la excelencia","publisher":{"@id":"https:\/\/autoescuelasigloxxirivas.es\/#organization"},"potentialAction":[{"@type":"SearchAction","target":{"@type":"EntryPoint","urlTemplate":"https:\/\/autoescuelasigloxxirivas.es\/?s={search_term_string}"},"query-input":{"@type":"PropertyValueSpecification","valueRequired":true,"valueName":"search_term_string"}}],"inLanguage":"en-GB"},{"@type":"Organization","@id":"https:\/\/autoescuelasigloxxirivas.es\/#organization","name":"Autoescuela Siglo XXI","url":"https:\/\/autoescuelasigloxxirivas.es\/","logo":{"@type":"ImageObject","inLanguage":"en-GB","@id":"https:\/\/autoescuelasigloxxirivas.es\/#\/schema\/logo\/image\/","url":"https:\/\/autoescuelasigloxxirivas.es\/wp-content\/uploads\/2021\/12\/logo-better.jpg","contentUrl":"https:\/\/autoescuelasigloxxirivas.es\/wp-content\/uploads\/2021\/12\/logo-better.jpg","width":277,"height":147,"caption":"Autoescuela Siglo XXI"},"image":{"@id":"https:\/\/autoescuelasigloxxirivas.es\/#\/schema\/logo\/image\/"},"sameAs":["https:\/\/www.facebook.com\/profile.php?id=100053452669013","https:\/\/www.instagram.com\/autoescuelasigloxxi\/"]}]}},"_links":{"self":[{"href":"https:\/\/autoescuelasigloxxirivas.es\/en\/wp-json\/wp\/v2\/pages\/3677","targetHints":{"allow":["GET"]}}],"collection":[{"href":"https:\/\/autoescuelasigloxxirivas.es\/en\/wp-json\/wp\/v2\/pages"}],"about":[{"href":"https:\/\/autoescuelasigloxxirivas.es\/en\/wp-json\/wp\/v2\/types\/page"}],"author":[{"embeddable":true,"href":"https:\/\/autoescuelasigloxxirivas.es\/en\/wp-json\/wp\/v2\/users\/1"}],"replies":[{"embeddable":true,"href":"https:\/\/autoescuelasigloxxirivas.es\/en\/wp-json\/wp\/v2\/comments?post=3677"}],"version-history":[{"count":59,"href":"https:\/\/autoescuelasigloxxirivas.es\/en\/wp-json\/wp\/v2\/pages\/3677\/revisions"}],"predecessor-version":[{"id":3925,"href":"https:\/\/autoescuelasigloxxirivas.es\/en\/wp-json\/wp\/v2\/pages\/3677\/revisions\/3925"}],"wp:attachment":[{"href":"https:\/\/autoescuelasigloxxirivas.es\/en\/wp-json\/wp\/v2\/media?parent=3677"}],"curies":[{"name":"wp","href":"https:\/\/api.w.org\/{rel}","templated":true}]}}