{"id":3333,"date":"2024-05-15T21:18:17","date_gmt":"2024-05-15T19:18:17","guid":{"rendered":"https:\/\/autoescuelasigloxxirivas.es\/?page_id=3333"},"modified":"2026-03-06T12:03:11","modified_gmt":"2026-03-06T11:03:11","slug":"quiero-matricula","status":"publish","type":"page","link":"https:\/\/autoescuelasigloxxirivas.es\/en\/quiero-matricula\/","title":{"rendered":"quiero matricula"},"content":{"rendered":"<h2 style=\"text-align: center; color: rgb(48, 68, 150) !important; --tcb-applied-color: rgb(48, 68, 150)                       !important;\">Primer paso para matricularte<\/h2>\n<p>Sigue estos pasos para solicitar m\u00e1s informaci\u00f3n antes de apuntarte a la autoescuela.De esta forma te podemos informar mejor sobre el carnet que quieres obtener.Tambi\u00e9n puedes llamar directamente por tel\u00e9fono a la autoescuela, el <em><strong>n\u00famero de tel\u00e9fono es <a href=\"tel:914 996 928\">914 996 928<\/a><\/strong><\/em><\/p>","protected":false},"excerpt":{"rendered":"<p>Primer paso para matricularte Sigue estos pasos para solicitar m\u00e1s informaci\u00f3n antes de apuntarte a la autoescuela.De esta forma te podemos informar mejor sobre el carnet que quieres obtener.Tambi\u00e9n puedes llamar directamente por tel\u00e9fono a la autoescuela, el n\u00famero de tel\u00e9fono es 914 996 928<\/p>","protected":false},"author":1,"featured_media":0,"parent":0,"menu_order":0,"comment_status":"closed","ping_status":"closed","template":"","meta":{"_monsterinsights_skip_tracking":false,"_monsterinsights_sitenote_active":false,"_monsterinsights_sitenote_note":"","_monsterinsights_sitenote_category":0,"site-sidebar-layout":"no-sidebar","site-content-layout":"page-builder","ast-site-content-layout":"full-width-container","site-content-style":"default","site-sidebar-style":"default","ast-global-header-display":"","ast-banner-title-visibility":"","ast-main-header-display":"","ast-hfb-above-header-display":"","ast-hfb-below-header-display":"","ast-hfb-mobile-header-display":"","site-post-title":"","ast-breadcrumbs-content":"","ast-featured-img":"disabled","footer-sml-layout":"","theme-transparent-header-meta":"","adv-header-id-meta":"","stick-header-meta":"","header-above-stick-meta":"","header-main-stick-meta":"","header-below-stick-meta":"","astra-migrate-meta-layouts":"default","ast-page-background-enabled":"default","ast-page-background-meta":{"desktop":{"background-color":"var(--ast-global-color-4)","background-image":"","background-repeat":"repeat","background-position":"center center","background-size":"auto","background-attachment":"scroll","background-type":"","background-media":"","overlay-type":"","overlay-color":"","overlay-opacity":"","overlay-gradient":""},"tablet":{"background-color":"","background-image":"","background-repeat":"repeat","background-position":"center center","background-size":"auto","background-attachment":"scroll","background-type":"","background-media":"","overlay-type":"","overlay-color":"","overlay-opacity":"","overlay-gradient":""},"mobile":{"background-color":"","background-image":"","background-repeat":"repeat","background-position":"center center","background-size":"auto","background-attachment":"scroll","background-type":"","background-media":"","overlay-type":"","overlay-color":"","overlay-opacity":"","overlay-gradient":""}},"ast-content-background-meta":{"desktop":{"background-color":"var(--ast-global-color-5)","background-image":"","background-repeat":"repeat","background-position":"center center","background-size":"auto","background-attachment":"scroll","background-type":"","background-media":"","overlay-type":"","overlay-color":"","overlay-opacity":"","overlay-gradient":""},"tablet":{"background-color":"var(--ast-global-color-5)","background-image":"","background-repeat":"repeat","background-position":"center center","background-size":"auto","background-attachment":"scroll","background-type":"","background-media":"","overlay-type":"","overlay-color":"","overlay-opacity":"","overlay-gradient":""},"mobile":{"background-color":"var(--ast-global-color-5)","background-image":"","background-repeat":"repeat","background-position":"center center","background-size":"auto","background-attachment":"scroll","background-type":"","background-media":"","overlay-type":"","overlay-color":"","overlay-opacity":"","overlay-gradient":""}},"_joinchat":[],"footnotes":""},"class_list":["post-3333","page","type-page","status-publish","hentry"],"yoast_head":"<!-- This site is optimized with the Yoast SEO plugin v27.4 - https:\/\/yoast.com\/product\/yoast-seo-wordpress\/ -->\n<title>quiero matricula - Autoescuela Siglo XXI<\/title>\n<meta name=\"robots\" content=\"index, follow, max-snippet:-1, max-image-preview:large, max-video-preview:-1\" \/>\n<link rel=\"canonical\" href=\"https:\/\/autoescuelasigloxxirivas.es\/en\/quiero-matricula\/\" \/>\n<meta property=\"og:locale\" content=\"en_GB\" \/>\n<meta property=\"og:type\" content=\"article\" \/>\n<meta property=\"og:title\" content=\"quiero matricula - Autoescuela Siglo XXI\" \/>\n<meta property=\"og:description\" content=\"Primer paso para matricularte Sigue estos pasos para solicitar m\u00e1s informaci\u00f3n antes de apuntarte a la autoescuela.De esta forma te podemos informar mejor sobre el carnet que quieres obtener.Tambi\u00e9n puedes llamar directamente por tel\u00e9fono a la autoescuela, el n\u00famero de tel\u00e9fono es 914 996 928\" \/>\n<meta property=\"og:url\" content=\"https:\/\/autoescuelasigloxxirivas.es\/en\/quiero-matricula\/\" \/>\n<meta property=\"og:site_name\" content=\"Autoescuela Siglo XXI\" \/>\n<meta property=\"article:publisher\" content=\"https:\/\/www.facebook.com\/profile.php?id=100053452669013\" \/>\n<meta property=\"article:modified_time\" content=\"2026-03-06T11:03:11+00:00\" \/>\n<meta name=\"twitter:card\" content=\"summary_large_image\" \/>\n<meta name=\"twitter:label1\" content=\"Estimated reading time\" \/>\n\t<meta name=\"twitter:data1\" content=\"1 minute\" \/>\n<script type=\"application\/ld+json\" class=\"yoast-schema-graph\">{\"@context\":\"https:\\\/\\\/schema.org\",\"@graph\":[{\"@type\":\"WebPage\",\"@id\":\"https:\\\/\\\/autoescuelasigloxxirivas.es\\\/quiero-matricula\\\/\",\"url\":\"https:\\\/\\\/autoescuelasigloxxirivas.es\\\/quiero-matricula\\\/\",\"name\":\"quiero matricula - Autoescuela Siglo XXI\",\"isPartOf\":{\"@id\":\"https:\\\/\\\/autoescuelasigloxxirivas.es\\\/#website\"},\"datePublished\":\"2024-05-15T19:18:17+00:00\",\"dateModified\":\"2026-03-06T11:03:11+00:00\",\"breadcrumb\":{\"@id\":\"https:\\\/\\\/autoescuelasigloxxirivas.es\\\/quiero-matricula\\\/#breadcrumb\"},\"inLanguage\":\"en-GB\",\"potentialAction\":[{\"@type\":\"ReadAction\",\"target\":[\"https:\\\/\\\/autoescuelasigloxxirivas.es\\\/quiero-matricula\\\/\"]}]},{\"@type\":\"BreadcrumbList\",\"@id\":\"https:\\\/\\\/autoescuelasigloxxirivas.es\\\/quiero-matricula\\\/#breadcrumb\",\"itemListElement\":[{\"@type\":\"ListItem\",\"position\":1,\"name\":\"Home\",\"item\":\"https:\\\/\\\/autoescuelasigloxxirivas.es\\\/\"},{\"@type\":\"ListItem\",\"position\":2,\"name\":\"quiero matricula\"}]},{\"@type\":\"WebSite\",\"@id\":\"https:\\\/\\\/autoescuelasigloxxirivas.es\\\/#website\",\"url\":\"https:\\\/\\\/autoescuelasigloxxirivas.es\\\/\",\"name\":\"Autoescuela Siglo XXI\",\"description\":\"Conduce hacia la excelencia\",\"publisher\":{\"@id\":\"https:\\\/\\\/autoescuelasigloxxirivas.es\\\/#organization\"},\"potentialAction\":[{\"@type\":\"SearchAction\",\"target\":{\"@type\":\"EntryPoint\",\"urlTemplate\":\"https:\\\/\\\/autoescuelasigloxxirivas.es\\\/?s={search_term_string}\"},\"query-input\":{\"@type\":\"PropertyValueSpecification\",\"valueRequired\":true,\"valueName\":\"search_term_string\"}}],\"inLanguage\":\"en-GB\"},{\"@type\":\"Organization\",\"@id\":\"https:\\\/\\\/autoescuelasigloxxirivas.es\\\/#organization\",\"name\":\"Autoescuela Siglo XXI\",\"url\":\"https:\\\/\\\/autoescuelasigloxxirivas.es\\\/\",\"logo\":{\"@type\":\"ImageObject\",\"inLanguage\":\"en-GB\",\"@id\":\"https:\\\/\\\/autoescuelasigloxxirivas.es\\\/#\\\/schema\\\/logo\\\/image\\\/\",\"url\":\"https:\\\/\\\/autoescuelasigloxxirivas.es\\\/wp-content\\\/uploads\\\/2021\\\/12\\\/logo-better.jpg\",\"contentUrl\":\"https:\\\/\\\/autoescuelasigloxxirivas.es\\\/wp-content\\\/uploads\\\/2021\\\/12\\\/logo-better.jpg\",\"width\":277,\"height\":147,\"caption\":\"Autoescuela Siglo XXI\"},\"image\":{\"@id\":\"https:\\\/\\\/autoescuelasigloxxirivas.es\\\/#\\\/schema\\\/logo\\\/image\\\/\"},\"sameAs\":[\"https:\\\/\\\/www.facebook.com\\\/profile.php?id=100053452669013\",\"https:\\\/\\\/www.instagram.com\\\/autoescuelasigloxxi\\\/\"]}]}<\/script>\n<!-- \/ Yoast SEO plugin. -->","yoast_head_json":{"title":"quiero matricula - Autoescuela Siglo XXI","robots":{"index":"index","follow":"follow","max-snippet":"max-snippet:-1","max-image-preview":"max-image-preview:large","max-video-preview":"max-video-preview:-1"},"canonical":"https:\/\/autoescuelasigloxxirivas.es\/en\/quiero-matricula\/","og_locale":"en_GB","og_type":"article","og_title":"quiero matricula - Autoescuela Siglo XXI","og_description":"Primer paso para matricularte Sigue estos pasos para solicitar m\u00e1s informaci\u00f3n antes de apuntarte a la autoescuela.De esta forma te podemos informar mejor sobre el carnet que quieres obtener.Tambi\u00e9n puedes llamar directamente por tel\u00e9fono a la autoescuela, el n\u00famero de tel\u00e9fono es 914 996 928","og_url":"https:\/\/autoescuelasigloxxirivas.es\/en\/quiero-matricula\/","og_site_name":"Autoescuela Siglo XXI","article_publisher":"https:\/\/www.facebook.com\/profile.php?id=100053452669013","article_modified_time":"2026-03-06T11:03:11+00:00","twitter_card":"summary_large_image","twitter_misc":{"Estimated reading time":"1 minute"},"schema":{"@context":"https:\/\/schema.org","@graph":[{"@type":"WebPage","@id":"https:\/\/autoescuelasigloxxirivas.es\/quiero-matricula\/","url":"https:\/\/autoescuelasigloxxirivas.es\/quiero-matricula\/","name":"quiero matricula - Autoescuela Siglo XXI","isPartOf":{"@id":"https:\/\/autoescuelasigloxxirivas.es\/#website"},"datePublished":"2024-05-15T19:18:17+00:00","dateModified":"2026-03-06T11:03:11+00:00","breadcrumb":{"@id":"https:\/\/autoescuelasigloxxirivas.es\/quiero-matricula\/#breadcrumb"},"inLanguage":"en-GB","potentialAction":[{"@type":"ReadAction","target":["https:\/\/autoescuelasigloxxirivas.es\/quiero-matricula\/"]}]},{"@type":"BreadcrumbList","@id":"https:\/\/autoescuelasigloxxirivas.es\/quiero-matricula\/#breadcrumb","itemListElement":[{"@type":"ListItem","position":1,"name":"Home","item":"https:\/\/autoescuelasigloxxirivas.es\/"},{"@type":"ListItem","position":2,"name":"quiero matricula"}]},{"@type":"WebSite","@id":"https:\/\/autoescuelasigloxxirivas.es\/#website","url":"https:\/\/autoescuelasigloxxirivas.es\/","name":"Autoescuela Siglo XXI","description":"Conduce hacia la excelencia","publisher":{"@id":"https:\/\/autoescuelasigloxxirivas.es\/#organization"},"potentialAction":[{"@type":"SearchAction","target":{"@type":"EntryPoint","urlTemplate":"https:\/\/autoescuelasigloxxirivas.es\/?s={search_term_string}"},"query-input":{"@type":"PropertyValueSpecification","valueRequired":true,"valueName":"search_term_string"}}],"inLanguage":"en-GB"},{"@type":"Organization","@id":"https:\/\/autoescuelasigloxxirivas.es\/#organization","name":"Autoescuela Siglo XXI","url":"https:\/\/autoescuelasigloxxirivas.es\/","logo":{"@type":"ImageObject","inLanguage":"en-GB","@id":"https:\/\/autoescuelasigloxxirivas.es\/#\/schema\/logo\/image\/","url":"https:\/\/autoescuelasigloxxirivas.es\/wp-content\/uploads\/2021\/12\/logo-better.jpg","contentUrl":"https:\/\/autoescuelasigloxxirivas.es\/wp-content\/uploads\/2021\/12\/logo-better.jpg","width":277,"height":147,"caption":"Autoescuela Siglo XXI"},"image":{"@id":"https:\/\/autoescuelasigloxxirivas.es\/#\/schema\/logo\/image\/"},"sameAs":["https:\/\/www.facebook.com\/profile.php?id=100053452669013","https:\/\/www.instagram.com\/autoescuelasigloxxi\/"]}]}},"_links":{"self":[{"href":"https:\/\/autoescuelasigloxxirivas.es\/en\/wp-json\/wp\/v2\/pages\/3333","targetHints":{"allow":["GET"]}}],"collection":[{"href":"https:\/\/autoescuelasigloxxirivas.es\/en\/wp-json\/wp\/v2\/pages"}],"about":[{"href":"https:\/\/autoescuelasigloxxirivas.es\/en\/wp-json\/wp\/v2\/types\/page"}],"author":[{"embeddable":true,"href":"https:\/\/autoescuelasigloxxirivas.es\/en\/wp-json\/wp\/v2\/users\/1"}],"replies":[{"embeddable":true,"href":"https:\/\/autoescuelasigloxxirivas.es\/en\/wp-json\/wp\/v2\/comments?post=3333"}],"version-history":[{"count":57,"href":"https:\/\/autoescuelasigloxxirivas.es\/en\/wp-json\/wp\/v2\/pages\/3333\/revisions"}],"predecessor-version":[{"id":3940,"href":"https:\/\/autoescuelasigloxxirivas.es\/en\/wp-json\/wp\/v2\/pages\/3333\/revisions\/3940"}],"wp:attachment":[{"href":"https:\/\/autoescuelasigloxxirivas.es\/en\/wp-json\/wp\/v2\/media?parent=3333"}],"curies":[{"name":"wp","href":"https:\/\/api.w.org\/{rel}","templated":true}]}}