{"id":2462,"date":"2024-01-07T20:24:46","date_gmt":"2024-01-07T19:24:46","guid":{"rendered":"https:\/\/autoescuelasigloxxirivas.es\/?page_id=2462"},"modified":"2025-10-31T12:47:58","modified_gmt":"2025-10-31T11:47:58","slug":"recuperacion-de-puntos","status":"publish","type":"page","link":"https:\/\/autoescuelasigloxxirivas.es\/en\/recuperacion-de-puntos\/","title":{"rendered":"Recuperaci\u00f3n de puntos"},"content":{"rendered":"<h1 style=\"text-align: center;\">Recuperaci\u00f3n por puntos<\/h1>\n<h2 style=\"text-align: center;\"><strong>\u00bfHas perdido los puntos del carnet?&nbsp;<\/strong><\/h2>\n<h2 style=\"text-align: center;\"><strong>\u00bfTe quedan pocos puntos para quedarte sin carnet?<\/strong><\/h2>\n<h3 style=\"text-align: center;\">Si quieres recuperar puntos en el carnet de conducir, esto te interesa.<\/h3>\n<\/p>\n<p style=\"text-align: justify;\">Es una situaci\u00f3n complicada. Tu trabajo, llevar a los ni\u00f1os al cole o las salidas del fin de semana se terminan en un visto y no visto.<\/p>\n<p style=\"text-align: justify;\">Saltarte un sem\u00e1foro o una l\u00ednea continua, conducir bajo los efectos del alcohol, o pasarte el l\u00edmite de velocidad, pueden llevarte a no coger el coche durante un buen tiempo.<\/p>\n<p style=\"text-align: justify;\">Y eso para los que estamos acostumbrados a conducir, es una verdadera faena.<\/p>\n<p style=\"text-align: justify;\">Antes de coger el coche de nuevo (sin tener puntos), busca un centro de recuperaci\u00f3n de puntos y ponle soluci\u00f3n.<\/p>\n<p style=\"text-align: justify;\">Puedes hacerlo en cualquier autoescuela que est\u00e9 autorizada para recuperaci\u00f3n de puntos.<\/p>\n<p style=\"text-align: justify;\">Nosotros <strong>realizamos el tr\u00e1mite<\/strong> y te acompa\u00f1amos en este proceso para que puedas volver a conducir cuanto antes.<\/p>\n<p style=\"text-align: justify;\"><strong>Llama para inscribirte<\/strong> en el curso de recuperaci\u00f3n de puntos.<\/p>\n<p style=\"text-align: center;\"><span data-svg-config=\"{&quot;animationCount&quot;:1,&quot;animationDuration&quot;:1,&quot;animationDelay&quot;:1,&quot;strokeWidth&quot;:5}\" data-tcb-highlight-animation=\"viewport_once\" data-text-highlight=\"marker-zig-zag\" style=\"--tcb-text-highlight-color: rgb(252, 4, 4)  !important;\"><strong><span style=\"font-size: 37px !important;\">Reserva tu plaza ahora<\/span><\/strong><\/span><\/p>\n<p style=\"text-align: center;\"><span data-svg-config=\"{&quot;animationCount&quot;:1,&quot;animationDuration&quot;:1,&quot;animationDelay&quot;:1,&quot;strokeWidth&quot;:5}\" data-tcb-highlight-animation=\"viewport_once\" data-text-highlight=\"marker-zig-zag\" style=\"--tcb-text-highlight-color: rgb(252, 4, 4)  !important;\"><span style=\"font-size: 37px !important;\"><strong><a href=\"tel:914 996 928\">914 996 928<\/a><\/strong><\/span>&nbsp; <\/span><\/p>\n<p style=\"text-align: center;\"><span data-svg-config=\"{&quot;animationCount&quot;:1,&quot;animationDuration&quot;:1,&quot;animationDelay&quot;:1,&quot;strokeWidth&quot;:5}\" data-tcb-highlight-animation=\"viewport_once\" data-text-highlight=\"marker-zig-zag\" style=\"--tcb-text-highlight-color: rgb(252, 4, 4)  !important;\"><\/span><\/p>\n<p><span>Insertar plantilla de contenido o s\u00edmbolo<\/span><\/p>","protected":false},"excerpt":{"rendered":"<p>Recuperaci\u00f3n por puntos \u00bfHas perdido los puntos del carnet?&nbsp; \u00bfTe quedan pocos puntos para quedarte sin carnet? Si quieres recuperar puntos en el carnet de conducir, esto te interesa. Es una situaci\u00f3n complicada. Tu trabajo, llevar a los ni\u00f1os al cole o las salidas del fin de semana se terminan en un visto y no [&hellip;]<\/p>\n","protected":false},"author":1,"featured_media":0,"parent":0,"menu_order":0,"comment_status":"closed","ping_status":"closed","template":"","meta":{"_monsterinsights_skip_tracking":false,"_monsterinsights_sitenote_active":false,"_monsterinsights_sitenote_note":"","_monsterinsights_sitenote_category":0,"site-sidebar-layout":"no-sidebar","site-content-layout":"page-builder","ast-site-content-layout":"full-width-container","site-content-style":"unboxed","site-sidebar-style":"unboxed","ast-global-header-display":"","ast-banner-title-visibility":"","ast-main-header-display":"","ast-hfb-above-header-display":"","ast-hfb-below-header-display":"","ast-hfb-mobile-header-display":"","site-post-title":"","ast-breadcrumbs-content":"","ast-featured-img":"disabled","footer-sml-layout":"","theme-transparent-header-meta":"","adv-header-id-meta":"","stick-header-meta":"","header-above-stick-meta":"","header-main-stick-meta":"","header-below-stick-meta":"","astra-migrate-meta-layouts":"set","ast-page-background-enabled":"default","ast-page-background-meta":{"desktop":{"background-color":"var(--ast-global-color-4)","background-image":"","background-repeat":"repeat","background-position":"center center","background-size":"auto","background-attachment":"scroll","background-type":"","background-media":"","overlay-type":"","overlay-color":"","overlay-opacity":"","overlay-gradient":""},"tablet":{"background-color":"","background-image":"","background-repeat":"repeat","background-position":"center center","background-size":"auto","background-attachment":"scroll","background-type":"","background-media":"","overlay-type":"","overlay-color":"","overlay-opacity":"","overlay-gradient":""},"mobile":{"background-color":"","background-image":"","background-repeat":"repeat","background-position":"center center","background-size":"auto","background-attachment":"scroll","background-type":"","background-media":"","overlay-type":"","overlay-color":"","overlay-opacity":"","overlay-gradient":""}},"ast-content-background-meta":{"desktop":{"background-color":"var(--ast-global-color-5)","background-image":"","background-repeat":"repeat","background-position":"center center","background-size":"auto","background-attachment":"scroll","background-type":"","background-media":"","overlay-type":"","overlay-color":"","overlay-opacity":"","overlay-gradient":""},"tablet":{"background-color":"var(--ast-global-color-5)","background-image":"","background-repeat":"repeat","background-position":"center center","background-size":"auto","background-attachment":"scroll","background-type":"","background-media":"","overlay-type":"","overlay-color":"","overlay-opacity":"","overlay-gradient":""},"mobile":{"background-color":"var(--ast-global-color-5)","background-image":"","background-repeat":"repeat","background-position":"center center","background-size":"auto","background-attachment":"scroll","background-type":"","background-media":"","overlay-type":"","overlay-color":"","overlay-opacity":"","overlay-gradient":""}},"_joinchat":[],"footnotes":""},"class_list":["post-2462","page","type-page","status-publish","hentry"],"yoast_head":"<!-- This site is optimized with the Yoast SEO plugin v27.4 - https:\/\/yoast.com\/product\/yoast-seo-wordpress\/ -->\n<title>Recuperaci\u00f3n de puntos - Autoescuela Siglo XXI<\/title>\n<meta name=\"description\" content=\"\u00bfC\u00f3mo recuperar los puntos de tu carnet de conducir en Rivas Vaciamadrid? Recupera los puntos del carnet de conducir en Rivas Vaciamadrid\" \/>\n<meta name=\"robots\" content=\"index, follow, max-snippet:-1, max-image-preview:large, max-video-preview:-1\" \/>\n<link rel=\"canonical\" href=\"https:\/\/autoescuelasigloxxirivas.es\/en\/recuperacion-de-puntos\/\" \/>\n<meta property=\"og:locale\" content=\"en_GB\" \/>\n<meta property=\"og:type\" content=\"article\" \/>\n<meta property=\"og:title\" content=\"Recuperaci\u00f3n de puntos - Autoescuela Siglo XXI\" \/>\n<meta property=\"og:description\" content=\"\u00bfC\u00f3mo recuperar los puntos de tu carnet de conducir en Rivas Vaciamadrid? Recupera los puntos del carnet de conducir en Rivas Vaciamadrid\" \/>\n<meta property=\"og:url\" content=\"https:\/\/autoescuelasigloxxirivas.es\/en\/recuperacion-de-puntos\/\" \/>\n<meta property=\"og:site_name\" content=\"Autoescuela Siglo XXI\" \/>\n<meta property=\"article:publisher\" content=\"https:\/\/www.facebook.com\/profile.php?id=100053452669013\" \/>\n<meta property=\"article:modified_time\" content=\"2025-10-31T11:47:58+00:00\" \/>\n<meta name=\"twitter:card\" content=\"summary_large_image\" \/>\n<meta name=\"twitter:label1\" content=\"Estimated reading time\" \/>\n\t<meta name=\"twitter:data1\" content=\"1 minute\" \/>\n<script type=\"application\/ld+json\" class=\"yoast-schema-graph\">{\"@context\":\"https:\\\/\\\/schema.org\",\"@graph\":[{\"@type\":\"WebPage\",\"@id\":\"https:\\\/\\\/autoescuelasigloxxirivas.es\\\/recuperacion-de-puntos\\\/\",\"url\":\"https:\\\/\\\/autoescuelasigloxxirivas.es\\\/recuperacion-de-puntos\\\/\",\"name\":\"Recuperaci\u00f3n de puntos - Autoescuela Siglo XXI\",\"isPartOf\":{\"@id\":\"https:\\\/\\\/autoescuelasigloxxirivas.es\\\/#website\"},\"datePublished\":\"2024-01-07T19:24:46+00:00\",\"dateModified\":\"2025-10-31T11:47:58+00:00\",\"description\":\"\u00bfC\u00f3mo recuperar los puntos de tu carnet de conducir en Rivas Vaciamadrid? Recupera los puntos del carnet de conducir en Rivas Vaciamadrid\",\"breadcrumb\":{\"@id\":\"https:\\\/\\\/autoescuelasigloxxirivas.es\\\/recuperacion-de-puntos\\\/#breadcrumb\"},\"inLanguage\":\"en-GB\",\"potentialAction\":[{\"@type\":\"ReadAction\",\"target\":[\"https:\\\/\\\/autoescuelasigloxxirivas.es\\\/recuperacion-de-puntos\\\/\"]}]},{\"@type\":\"BreadcrumbList\",\"@id\":\"https:\\\/\\\/autoescuelasigloxxirivas.es\\\/recuperacion-de-puntos\\\/#breadcrumb\",\"itemListElement\":[{\"@type\":\"ListItem\",\"position\":1,\"name\":\"Home\",\"item\":\"https:\\\/\\\/autoescuelasigloxxirivas.es\\\/\"},{\"@type\":\"ListItem\",\"position\":2,\"name\":\"Recuperaci\u00f3n de puntos\"}]},{\"@type\":\"WebSite\",\"@id\":\"https:\\\/\\\/autoescuelasigloxxirivas.es\\\/#website\",\"url\":\"https:\\\/\\\/autoescuelasigloxxirivas.es\\\/\",\"name\":\"Autoescuela Siglo XXI\",\"description\":\"Conduce hacia la excelencia\",\"publisher\":{\"@id\":\"https:\\\/\\\/autoescuelasigloxxirivas.es\\\/#organization\"},\"potentialAction\":[{\"@type\":\"SearchAction\",\"target\":{\"@type\":\"EntryPoint\",\"urlTemplate\":\"https:\\\/\\\/autoescuelasigloxxirivas.es\\\/?s={search_term_string}\"},\"query-input\":{\"@type\":\"PropertyValueSpecification\",\"valueRequired\":true,\"valueName\":\"search_term_string\"}}],\"inLanguage\":\"en-GB\"},{\"@type\":\"Organization\",\"@id\":\"https:\\\/\\\/autoescuelasigloxxirivas.es\\\/#organization\",\"name\":\"Autoescuela Siglo XXI\",\"url\":\"https:\\\/\\\/autoescuelasigloxxirivas.es\\\/\",\"logo\":{\"@type\":\"ImageObject\",\"inLanguage\":\"en-GB\",\"@id\":\"https:\\\/\\\/autoescuelasigloxxirivas.es\\\/#\\\/schema\\\/logo\\\/image\\\/\",\"url\":\"https:\\\/\\\/autoescuelasigloxxirivas.es\\\/wp-content\\\/uploads\\\/2021\\\/12\\\/logo-better.jpg\",\"contentUrl\":\"https:\\\/\\\/autoescuelasigloxxirivas.es\\\/wp-content\\\/uploads\\\/2021\\\/12\\\/logo-better.jpg\",\"width\":277,\"height\":147,\"caption\":\"Autoescuela Siglo XXI\"},\"image\":{\"@id\":\"https:\\\/\\\/autoescuelasigloxxirivas.es\\\/#\\\/schema\\\/logo\\\/image\\\/\"},\"sameAs\":[\"https:\\\/\\\/www.facebook.com\\\/profile.php?id=100053452669013\",\"https:\\\/\\\/www.instagram.com\\\/autoescuelasigloxxi\\\/\"]}]}<\/script>\n<!-- \/ Yoast SEO plugin. -->","yoast_head_json":{"title":"Recuperaci\u00f3n de puntos - Autoescuela Siglo XXI","description":"\u00bfC\u00f3mo recuperar los puntos de tu carnet de conducir en Rivas Vaciamadrid? Recupera los puntos del carnet de conducir en Rivas Vaciamadrid","robots":{"index":"index","follow":"follow","max-snippet":"max-snippet:-1","max-image-preview":"max-image-preview:large","max-video-preview":"max-video-preview:-1"},"canonical":"https:\/\/autoescuelasigloxxirivas.es\/en\/recuperacion-de-puntos\/","og_locale":"en_GB","og_type":"article","og_title":"Recuperaci\u00f3n de puntos - Autoescuela Siglo XXI","og_description":"\u00bfC\u00f3mo recuperar los puntos de tu carnet de conducir en Rivas Vaciamadrid? Recupera los puntos del carnet de conducir en Rivas Vaciamadrid","og_url":"https:\/\/autoescuelasigloxxirivas.es\/en\/recuperacion-de-puntos\/","og_site_name":"Autoescuela Siglo XXI","article_publisher":"https:\/\/www.facebook.com\/profile.php?id=100053452669013","article_modified_time":"2025-10-31T11:47:58+00:00","twitter_card":"summary_large_image","twitter_misc":{"Estimated reading time":"1 minute"},"schema":{"@context":"https:\/\/schema.org","@graph":[{"@type":"WebPage","@id":"https:\/\/autoescuelasigloxxirivas.es\/recuperacion-de-puntos\/","url":"https:\/\/autoescuelasigloxxirivas.es\/recuperacion-de-puntos\/","name":"Recuperaci\u00f3n de puntos - Autoescuela Siglo XXI","isPartOf":{"@id":"https:\/\/autoescuelasigloxxirivas.es\/#website"},"datePublished":"2024-01-07T19:24:46+00:00","dateModified":"2025-10-31T11:47:58+00:00","description":"\u00bfC\u00f3mo recuperar los puntos de tu carnet de conducir en Rivas Vaciamadrid? Recupera los puntos del carnet de conducir en Rivas Vaciamadrid","breadcrumb":{"@id":"https:\/\/autoescuelasigloxxirivas.es\/recuperacion-de-puntos\/#breadcrumb"},"inLanguage":"en-GB","potentialAction":[{"@type":"ReadAction","target":["https:\/\/autoescuelasigloxxirivas.es\/recuperacion-de-puntos\/"]}]},{"@type":"BreadcrumbList","@id":"https:\/\/autoescuelasigloxxirivas.es\/recuperacion-de-puntos\/#breadcrumb","itemListElement":[{"@type":"ListItem","position":1,"name":"Home","item":"https:\/\/autoescuelasigloxxirivas.es\/"},{"@type":"ListItem","position":2,"name":"Recuperaci\u00f3n de puntos"}]},{"@type":"WebSite","@id":"https:\/\/autoescuelasigloxxirivas.es\/#website","url":"https:\/\/autoescuelasigloxxirivas.es\/","name":"Autoescuela Siglo XXI","description":"Conduce hacia la excelencia","publisher":{"@id":"https:\/\/autoescuelasigloxxirivas.es\/#organization"},"potentialAction":[{"@type":"SearchAction","target":{"@type":"EntryPoint","urlTemplate":"https:\/\/autoescuelasigloxxirivas.es\/?s={search_term_string}"},"query-input":{"@type":"PropertyValueSpecification","valueRequired":true,"valueName":"search_term_string"}}],"inLanguage":"en-GB"},{"@type":"Organization","@id":"https:\/\/autoescuelasigloxxirivas.es\/#organization","name":"Autoescuela Siglo XXI","url":"https:\/\/autoescuelasigloxxirivas.es\/","logo":{"@type":"ImageObject","inLanguage":"en-GB","@id":"https:\/\/autoescuelasigloxxirivas.es\/#\/schema\/logo\/image\/","url":"https:\/\/autoescuelasigloxxirivas.es\/wp-content\/uploads\/2021\/12\/logo-better.jpg","contentUrl":"https:\/\/autoescuelasigloxxirivas.es\/wp-content\/uploads\/2021\/12\/logo-better.jpg","width":277,"height":147,"caption":"Autoescuela Siglo XXI"},"image":{"@id":"https:\/\/autoescuelasigloxxirivas.es\/#\/schema\/logo\/image\/"},"sameAs":["https:\/\/www.facebook.com\/profile.php?id=100053452669013","https:\/\/www.instagram.com\/autoescuelasigloxxi\/"]}]}},"_links":{"self":[{"href":"https:\/\/autoescuelasigloxxirivas.es\/en\/wp-json\/wp\/v2\/pages\/2462","targetHints":{"allow":["GET"]}}],"collection":[{"href":"https:\/\/autoescuelasigloxxirivas.es\/en\/wp-json\/wp\/v2\/pages"}],"about":[{"href":"https:\/\/autoescuelasigloxxirivas.es\/en\/wp-json\/wp\/v2\/types\/page"}],"author":[{"embeddable":true,"href":"https:\/\/autoescuelasigloxxirivas.es\/en\/wp-json\/wp\/v2\/users\/1"}],"replies":[{"embeddable":true,"href":"https:\/\/autoescuelasigloxxirivas.es\/en\/wp-json\/wp\/v2\/comments?post=2462"}],"version-history":[{"count":357,"href":"https:\/\/autoescuelasigloxxirivas.es\/en\/wp-json\/wp\/v2\/pages\/2462\/revisions"}],"predecessor-version":[{"id":3897,"href":"https:\/\/autoescuelasigloxxirivas.es\/en\/wp-json\/wp\/v2\/pages\/2462\/revisions\/3897"}],"wp:attachment":[{"href":"https:\/\/autoescuelasigloxxirivas.es\/en\/wp-json\/wp\/v2\/media?parent=2462"}],"curies":[{"name":"wp","href":"https:\/\/api.w.org\/{rel}","templated":true}]}}